{"id":24,"date":"2019-12-23T15:13:21","date_gmt":"2019-12-23T15:13:21","guid":{"rendered":"http:\/\/urbanicom.de\/?page_id=24"},"modified":"2019-12-23T15:13:21","modified_gmt":"2019-12-23T15:13:21","slug":"wer-ist-urbanicom","status":"publish","type":"page","link":"https:\/\/urbanicom.de\/?page_id=24","title":{"rendered":"Wer ist urbanicom?"},"content":{"rendered":"\n<p>Urbanicom ist ein Deutscher Verein f\u00fcr Stadtentwicklung und Handel e.V.<\/p>\n\n\n\n<p>Im Jahre 1966 wurde die internationale Vereinigung \u201eStadtentwicklung \nund Handel\u201c in Br\u00fcssel mit dem Namen urbanicom gegr\u00fcndet. Seit 1976 \ntreffen sich auf den Jahrestagungen der deutschen Sektion (seit 1995 ist\n urbanicom Deutschland rechtlich selbst\u00e4ndig) f\u00fchrende Stadtplaner, \nArchitekten, Kaufleute und zahlreiche Vertreter anderer Institutionen.<\/p>\n\n\n\n<p>urbanicom hat sich die B\u00fcndelung all dieser Kr\u00e4fte f\u00fcr die F\u00f6rderung \nvon Urbanit\u00e4t, Nutzungsvielfalt und Lebendigkeit der st\u00e4dtischen Zentren\n zum Ziel gesetzt.<\/p>\n\n\n\n<p>Der Name urbanicom steht f\u00fcr die Verbindung von Urbanit\u00e4t und \nKommerz. Wir beteiligen uns aktiv an der Entwicklung \nzukunftsorientierter Konzepte.<\/p>\n\n\n\n<p>Im Mittelpunkt steht die Beobachtung und Vermittlung \ngesellschaftlicher Trends sowie der Markt-, Medien- und \nVerbraucherentwicklung. Wir erm\u00f6glichen pers\u00f6nlichen \nInformationsaustausch zwischen den Entscheidungstr\u00e4gern und \nMultiplikatoren der modernen Stadtentwicklung.<\/p>\n\n\n\n<p>Vorbildliche Aktionen, Ideen und Projekte im Bereich der Stadtentwicklung zeichnet unser Verein mit dem urbanicom \u2013 Preis aus.<\/p>\n\n\n\n<p>Eine lebendige Stadt erfordert die Zusammenf\u00fchrung aller, die an einer Vitalisierung der Innenstadt arbeiten.<\/p>\n","protected":false},"excerpt":{"rendered":"<p>Urbanicom ist ein Deutscher Verein f\u00fcr Stadtentwicklung und Handel e.V. Im Jahre 1966 wurde die internationale Vereinigung \u201eStadtentwicklung und Handel\u201c in Br\u00fcssel mit dem Namen urbanicom gegr\u00fcndet. Seit 1976 treffen sich auf den Jahrestagungen der deutschen Sektion (seit 1995 ist &hellip; <a href=\"https:\/\/urbanicom.de\/?page_id=24\">Weiterlesen <span class=\"meta-nav\">&rarr;<\/span><\/a><\/p>\n","protected":false},"author":1,"featured_media":0,"parent":0,"menu_order":0,"comment_status":"closed","ping_status":"closed","template":"","meta":{"footnotes":""},"class_list":["post-24","page","type-page","status-publish","hentry"],"_links":{"self":[{"href":"https:\/\/urbanicom.de\/index.php?rest_route=\/wp\/v2\/pages\/24"}],"collection":[{"href":"https:\/\/urbanicom.de\/index.php?rest_route=\/wp\/v2\/pages"}],"about":[{"href":"https:\/\/urbanicom.de\/index.php?rest_route=\/wp\/v2\/types\/page"}],"author":[{"embeddable":true,"href":"https:\/\/urbanicom.de\/index.php?rest_route=\/wp\/v2\/users\/1"}],"replies":[{"embeddable":true,"href":"https:\/\/urbanicom.de\/index.php?rest_route=%2Fwp%2Fv2%2Fcomments&post=24"}],"version-history":[{"count":1,"href":"https:\/\/urbanicom.de\/index.php?rest_route=\/wp\/v2\/pages\/24\/revisions"}],"predecessor-version":[{"id":25,"href":"https:\/\/urbanicom.de\/index.php?rest_route=\/wp\/v2\/pages\/24\/revisions\/25"}],"wp:attachment":[{"href":"https:\/\/urbanicom.de\/index.php?rest_route=%2Fwp%2Fv2%2Fmedia&parent=24"}],"curies":[{"name":"wp","href":"https:\/\/api.w.org\/{rel}","templated":true}]}}