{"id":34,"date":"2019-12-23T15:18:01","date_gmt":"2019-12-23T15:18:01","guid":{"rendered":"http:\/\/urbanicom.de\/?page_id=34"},"modified":"2025-10-29T14:39:44","modified_gmt":"2025-10-29T14:39:44","slug":"vorstand","status":"publish","type":"page","link":"https:\/\/urbanicom.de\/?page_id=34","title":{"rendered":"Vorstand"},"content":{"rendered":"\n<figure class=\"wp-block-table\"><table><tbody><tr><td><strong>Vorsitzender<\/strong>\n\n<\/td><td> <strong>Lovro Mandac<br><\/strong>Vorsitzender der Gesch\u00e4ftsf\u00fchrung der Galeria Kaufhof (a.D.)<br>Gesch\u00e4ftsf\u00fchrer amor GmbH<br><a href=\"http:\/\/www.amor.de\" target=\"_blank\" rel=\"noreferrer noopener\">www.amor.de<\/a> <\/td><td><\/td><\/tr><tr><td><strong>Stellvertretender Vorsitzender<\/strong> <\/td><td><strong>Roland W\u00f6lfel<br><\/strong>Gesch\u00e4ftsf\u00fchrer, CIMA Beratung + Management GmbH, Forchheim<strong><br><\/strong><a href=\"http:\/\/www.cima.de\" target=\"_blank\" rel=\"noreferrer noopener\">www.cima.de<\/a> <\/td><td><\/td><\/tr><tr><td><strong>Gesch\u00e4ftsf\u00fchrendes Vorstandsmitglied<\/strong><\/td><td><strong>Michael Reink<\/strong><br>Bereichsleiter Standort- und Verkehrspolitik<br>Handelsverband Deutschland e.V. (HDE), Berlin<br><a rel=\"noreferrer noopener\" href=\"http:\/\/www.einzelhandel.de\" target=\"_blank\">www.einzelhandel.de<\/a><\/td><td><\/td><\/tr><tr><td><strong>Mitglieder des Vorstands<\/strong><\/td><td><strong>Bernd D\u00fcsterdiek<\/strong><br>Beigeordneter Deutscher St\u00e4dte- und Gemeindebund DStGB<br><a href=\"http:\/\/www.dstgb.de\" target=\"_blank\" rel=\"noreferrer noopener\">www.dstgb.de<\/a><\/td><td><\/td><\/tr><tr><td>&nbsp;<\/td><td><strong>Christian Huttenloher<\/strong><br>Generalsekret\u00e4r des Deutschen Verbandes f\u00fcr Wohnungswesen, St\u00e4dtebau und Raumordnung e.V., Berlin<br><a target=\"_blank\" href=\"http:\/\/www.deutscher-verband.org\" rel=\"noreferrer noopener\">www.deutscher-verband.org<\/a><\/td><td><\/td><\/tr><tr><td><\/td><td><strong>Jens Merhof<\/strong><br>Leiter EBK Einzelhandel EDEKA ZENTRALE Stiftung &amp; Co. KG<br><a rel=\"noreferrer noopener\" href=\"http:\/\/www.edeka.de\" target=\"_blank\">www.edeka.de<\/a><\/td><td><\/td><\/tr><tr><td><\/td><td><strong>Reiner Nagel<br><\/strong>Vorsitzender des Vorstands, Bundestiftung Baukultur, Potsdam<br><a href=\"http:\/\/www.bundesstiftung-baukultur.de\">www.bundesstiftung-baukultur.de<\/a><\/td><td><\/td><\/tr><tr><td>&nbsp;<\/td><td><strong>Barbara Possinke<\/strong><br>Gesch\u00e4ftsf\u00fchrende Gesellschafterin RKW Rhode Kellermann Wawrowsky<br>Architektur + St\u00e4dtebau, D\u00fcsseldorf<br><a href=\"http:\/\/www.rkw.plus\">www.rkw.plus<\/a><\/td><td><\/td><\/tr><tr><td><\/td><td><strong>Stefan Postert<\/strong><br>Gesch\u00e4ftsf\u00fchrender Gesellschafter<br>postert.hamburg Gesellschaft f\u00fcr Stadtentwicklung und Stadtmanagement mbH<br><a href=\"https:\/\/www.postert.hamburg\" data-type=\"URL\" data-id=\"https:\/\/www.postert.hamburg\">www.postert.hamburg<\/a> <\/td><td><\/td><\/tr><tr><td><\/td><td><strong>Christian Schneider<\/strong><br>Head of Expansion REWE Markt GmbH<br><a rel=\"noreferrer noopener\" href=\"http:\/\/www.rewe.de\" target=\"_blank\">www.rewe.de<\/a><\/td><td><\/td><\/tr><tr><td><\/td><td><strong>J\u00fcrgen Vogel<\/strong><br>Hauptgesch\u00e4ftsf\u00fchrer, IHK Pfalz, Ludwigshafen<br><a href=\"http:\/\/www.pfalz.ihk24.de\">www.pfalz.ihk24.de<\/a><\/td><td><\/td><\/tr><tr><td> <strong>Gastmitglied<\/strong> <\/td><td><strong>Hilmar von Lojewski<\/strong><br>Beigeordneter des Deutschen St\u00e4dtetages und des St\u00e4dtetages Nordrhein-Westfalen f\u00fcr Stadtentwicklung, Bauen und Verkehr<br><a target=\"_blank\" href=\"http:\/\/www.staedtetag.de\" rel=\"noreferrer noopener\">www.staedtetag.de<\/a><\/td><td><\/td><\/tr><\/tbody><\/table><\/figure>\n","protected":false},"excerpt":{"rendered":"<p>Vorsitzender Lovro MandacVorsitzender der Gesch\u00e4ftsf\u00fchrung der Galeria Kaufhof (a.D.)Gesch\u00e4ftsf\u00fchrer amor GmbHwww.amor.de Stellvertretender Vorsitzender Roland W\u00f6lfelGesch\u00e4ftsf\u00fchrer, CIMA Beratung + Management GmbH, Forchheimwww.cima.de Gesch\u00e4ftsf\u00fchrendes Vorstandsmitglied Michael ReinkBereichsleiter Standort- und VerkehrspolitikHandelsverband Deutschland e.V. (HDE), Berlinwww.einzelhandel.de Mitglieder des Vorstands Bernd D\u00fcsterdiekBeigeordneter Deutscher St\u00e4dte- und &hellip; <a href=\"https:\/\/urbanicom.de\/?page_id=34\">Weiterlesen <span class=\"meta-nav\">&rarr;<\/span><\/a><\/p>\n","protected":false},"author":1,"featured_media":0,"parent":0,"menu_order":0,"comment_status":"closed","ping_status":"closed","template":"","meta":{"footnotes":""},"class_list":["post-34","page","type-page","status-publish","hentry"],"_links":{"self":[{"href":"https:\/\/urbanicom.de\/index.php?rest_route=\/wp\/v2\/pages\/34"}],"collection":[{"href":"https:\/\/urbanicom.de\/index.php?rest_route=\/wp\/v2\/pages"}],"about":[{"href":"https:\/\/urbanicom.de\/index.php?rest_route=\/wp\/v2\/types\/page"}],"author":[{"embeddable":true,"href":"https:\/\/urbanicom.de\/index.php?rest_route=\/wp\/v2\/users\/1"}],"replies":[{"embeddable":true,"href":"https:\/\/urbanicom.de\/index.php?rest_route=%2Fwp%2Fv2%2Fcomments&post=34"}],"version-history":[{"count":12,"href":"https:\/\/urbanicom.de\/index.php?rest_route=\/wp\/v2\/pages\/34\/revisions"}],"predecessor-version":[{"id":587,"href":"https:\/\/urbanicom.de\/index.php?rest_route=\/wp\/v2\/pages\/34\/revisions\/587"}],"wp:attachment":[{"href":"https:\/\/urbanicom.de\/index.php?rest_route=%2Fwp%2Fv2%2Fmedia&parent=34"}],"curies":[{"name":"wp","href":"https:\/\/api.w.org\/{rel}","templated":true}]}}